{"id":740,"date":"2023-02-08T13:52:44","date_gmt":"2023-02-08T13:52:44","guid":{"rendered":"https:\/\/pc.org.br\/?page_id=740"},"modified":"2024-12-10T13:29:41","modified_gmt":"2024-12-10T13:29:41","slug":"portal-da-transparencia","status":"publish","type":"page","link":"https:\/\/pc.org.br\/?page_id=740","title":{"rendered":"Portal da Transpar\u00eancia"},"content":{"rendered":"<p><img fetchpriority=\"high\" decoding=\"async\" class=\"aligncenter\" src=\"https:\/\/pc.org.br\/wp-content\/uploads\/2023\/02\/Associacao-Beneficente-Pescadores-de-Cristo.logo_-768x768.png\" sizes=\"(max-width: 768px) 100vw, 768px\" srcset=\"https:\/\/pc.org.br\/wp-content\/uploads\/2023\/02\/Associacao-Beneficente-Pescadores-de-Cristo.logo_-768x768.png 768w, https:\/\/pc.org.br\/wp-content\/uploads\/2023\/02\/Associacao-Beneficente-Pescadores-de-Cristo.logo_-300x300.png 300w, https:\/\/pc.org.br\/wp-content\/uploads\/2023\/02\/Associacao-Beneficente-Pescadores-de-Cristo.logo_-1024x1024.png 1024w, https:\/\/pc.org.br\/wp-content\/uploads\/2023\/02\/Associacao-Beneficente-Pescadores-de-Cristo.logo_-150x150.png 150w, https:\/\/pc.org.br\/wp-content\/uploads\/2023\/02\/Associacao-Beneficente-Pescadores-de-Cristo.logo_-1536x1536.png 1536w, https:\/\/pc.org.br\/wp-content\/uploads\/2023\/02\/Associacao-Beneficente-Pescadores-de-Cristo.logo_.png 1563w\" alt=\"\" width=\"261\" height=\"261\" \/><\/p>\n<h2 style=\"text-align: center;\">Portal da transpar\u00eancia<\/h2>\n<p style=\"text-align: center;\">\u00a0<\/p>\n<p style=\"text-align: center;\"><a href=\"https:\/\/pc.org.br\/wp-content\/uploads\/2024\/12\/ISENCAO-RENOVACAO-DE-LICENCA-SANITARIA-1.pdf\">ISEN\u00c7\u00c3O RENOVA\u00c7\u00c3O DE LICEN\u00c7A SANITARIA<\/a><\/p>\n<p style=\"text-align: center;\"><a href=\"https:\/\/pc.org.br\/wp-content\/uploads\/2024\/12\/BALANCO-PATRIMONIAL.pdf\">BALAN\u00c7O PATRIMONIAL<\/a><\/p>\n<p style=\"text-align: center;\"><a href=\"https:\/\/pc.org.br\/wp-content\/uploads\/2024\/12\/CNPJ.pdf\">CNPJ<\/a><\/p>\n<p style=\"text-align: center;\"><a href=\"https:\/\/pc.org.br\/wp-content\/uploads\/2024\/12\/BOMBEIRO.pdf\">BOMBEIRO <\/a><\/p>\n<p style=\"text-align: center;\"><a href=\"https:\/\/pc.org.br\/wp-content\/uploads\/2024\/12\/CMAS.pdf\">CMAS<\/a><\/p>\n<p style=\"text-align: center;\"><a href=\"https:\/\/pc.org.br\/wp-content\/uploads\/2024\/12\/ATA-MUDANCA-DE-ENDERECO.pdf\">ATA MUDAN\u00c7A DE ENDERE\u00c7O<\/a><\/p>\n<p style=\"text-align: center;\"><a href=\"https:\/\/pc.org.br\/wp-content\/uploads\/2024\/12\/ATA-2022-2025-RENOVACAO-TRIENIO.pdf\">ATA 2022-2025 RENOVA\u00c7\u00c3O TRIENIO<\/a><\/p>\n<p style=\"text-align: center;\"><a href=\"https:\/\/pc.org.br\/wp-content\/uploads\/2024\/12\/ATA-DE-FUNDACAO-ABPC.pdf\">ATA DE FUNDA\u00c7\u00c3O ABPC<\/a><\/p>\n<p style=\"text-align: center;\"><a href=\"https:\/\/pc.org.br\/wp-content\/uploads\/2024\/12\/ALVARA-DE-FUNCIONAMENTO.pdf\">ALVARA DE FUNCIONAMENTO<\/a><\/p>\n<p style=\"text-align: center;\">\u00a9 Projeto Social Pescadores de Cristo 2023. Todos os Direitos Reservados.<\/p>\n\n\n<p><\/p>\n","protected":false},"excerpt":{"rendered":"<p>Portal da transpar\u00eancia \u00a0 ISEN\u00c7\u00c3O RENOVA\u00c7\u00c3O DE LICEN\u00c7A SANITARIA BALAN\u00c7O PATRIMONIAL CNPJ BOMBEIRO CMAS ATA MUDAN\u00c7A DE ENDERE\u00c7O ATA 2022-2025 RENOVA\u00c7\u00c3O TRIENIO ATA DE FUNDA\u00c7\u00c3O ABPC ALVARA DE FUNCIONAMENTO \u00a9 Projeto Social Pescadores de Cristo 2023. Todos os Direitos Reservados.<\/p>\n","protected":false},"author":2,"featured_media":0,"parent":0,"menu_order":0,"comment_status":"closed","ping_status":"closed","template":"elementor_canvas","meta":{"footnotes":""},"class_list":["post-740","page","type-page","status-publish","hentry"],"_links":{"self":[{"href":"https:\/\/pc.org.br\/index.php?rest_route=\/wp\/v2\/pages\/740"}],"collection":[{"href":"https:\/\/pc.org.br\/index.php?rest_route=\/wp\/v2\/pages"}],"about":[{"href":"https:\/\/pc.org.br\/index.php?rest_route=\/wp\/v2\/types\/page"}],"author":[{"embeddable":true,"href":"https:\/\/pc.org.br\/index.php?rest_route=\/wp\/v2\/users\/2"}],"replies":[{"embeddable":true,"href":"https:\/\/pc.org.br\/index.php?rest_route=%2Fwp%2Fv2%2Fcomments&post=740"}],"version-history":[{"count":66,"href":"https:\/\/pc.org.br\/index.php?rest_route=\/wp\/v2\/pages\/740\/revisions"}],"predecessor-version":[{"id":964,"href":"https:\/\/pc.org.br\/index.php?rest_route=\/wp\/v2\/pages\/740\/revisions\/964"}],"wp:attachment":[{"href":"https:\/\/pc.org.br\/index.php?rest_route=%2Fwp%2Fv2%2Fmedia&parent=740"}],"curies":[{"name":"wp","href":"https:\/\/api.w.org\/{rel}","templated":true}]}}